{"id":11,"date":"2025-12-16T15:28:49","date_gmt":"2025-12-16T14:28:49","guid":{"rendered":"http:\/\/werkschau-wiesbaden.de\/2026WS\/?page_id=11"},"modified":"2026-01-21T15:24:11","modified_gmt":"2026-01-21T14:24:11","slug":"impressum","status":"publish","type":"page","link":"https:\/\/werkschau-wiesbaden.de\/2026WS\/impressum\/","title":{"rendered":"Impressum"},"content":{"rendered":"<div class=\"ce ce-headline ce-onecol container-fluid  pt-m      \">\n\t<div class=\"row\">\n\t\t<div class=\"col-custom\">\n\t\t\t<h1 class=\"\">Impressum<\/h1>\t\t<\/div>\n\t<\/div>\n<\/div>\n\n\n<div class=\"ce ce-onecol container-fluid        \">\n\t<div class=\"row\">\n\t\t<div class=\"col-custom\">\n\t\t\t<p>Die Webseite erscheint anl\u00e4sslich der Werkschau des Studiengangs Kommunikationsdesign der Hochschule RheinMain.<\/p>\n<p>\u00a9 2026 f\u00fcr die Texte bei den Autor:innen<br \/>\n\u00a9 2026 f\u00fcr die Fotografien der Studierenden<\/p>\n<h3>Herausgeber<\/h3>\n<p>Hochschule RheinMain, Studiengang Kommunikationsdesign<\/p>\n<h3>Ausstellungsprojekt<\/h3>\n<p>Event-und Ausstellungsdesign Leitung:<br \/>\nProf. Dr. Theo Steiner<br \/>\nProf. B\u00f6rries M\u00fcller-B\u00fcsching<br \/>\nHeike Hildebrandt<\/p>\n<h3>Projektmanagement<\/h3>\n<p>Linda Hawlitzki, Lara Hasselbach<\/p>\n<h3>Corporate Design<\/h3>\n<p>Estelle Talenta, Franka Mu\u0308nstermann, Gana Nuwwar, Jevgenia Duckstein, Luisa G\u00f6b, Luisa Kurth, Marina Hofem<\/p>\n<h3>Print<\/h3>\n<p>Anna Sukiasyan, Annika Knell, Estelle Talenta, Franka Mu\u0308nstermann, Gana Nuwwar, Jevgenia Duckstein, Luisa G\u00f6b, Luisa Kurth, Marina Hofem, S\u00f6ren Sparenborg, Stefanie Weber<\/p>\n<h3>Katalog<\/h3>\n<p>Gana Nuwwar, Linda Hawlitzki, Marina Hofem<\/p>\n<h3>Website<\/h3>\n<p>Christoph Fiedler, H\u00e9lena Frackenpohl-Fuentes, S\u00f6ren Sparenborg, Stefanie Weber<\/p>\n<h3>Mediale Szenografie<\/h3>\n<p>Lara Hasselbach, Franka Mu\u0308nstermann, Gana Nuwwar, Luisa G\u00f6b, Malte Linke, Nils V\u00f6lker<\/p>\n<h3>Fotografie<\/h3>\n<p>Annika Knell, Christoph Fiedler, Franka Mu\u0308nstermann, Gana Nuwwar, \u00d6mer Koca, S\u00f6ren Sparenberg, Stefanie Weber<\/p>\n<h3>PR und Social Media<\/h3>\n<p>Anna Sukiasyan, Estelle Talenta, Helin Eyyupoglu, Luisa Kurth<\/p>\n<h3>Angaben gem\u00e4\u00df \u00a7 5 Telemediengesetz<\/h3>\n<p>Hochschule RheinMain<br \/>\nKurt-Schumacher-Ring 18<br \/>\n65197 Wiesbaden<br \/>\nUSt-IdNr: DE 811490955<\/p>\n<p>Tel.: +49 (0) 611 9495-1101<br \/>\nFax: + 49 (0) 611 9495-1106<\/p>\n<p>Website: https:\/\/www.hs-rm.de\/de<\/p>\n<p>Die Hochschule RheinMain ist eine K\u00f6rperschaft des \u00f6ffentlichen Rechts. Sie wird durch die Pr\u00e4sidentin Prof. Dr. Eva Waller gesetzlich vertreten.<\/p>\n<h3>Pr\u00e4sidentin<\/h3>\n<p>Prof. Dr. Eva Waller<br \/>\nE-Mail: praesidentin@hs-rm.de\u200d<\/p>\n<h3>Ansprechpartner<\/h3>\n<p>Prof. Dr. Theo Steiner<br \/>\nEmail: theo.steiner@hs-rm.de<\/p>\n<h3>Aufsichtsbeh\u00f6rde<\/h3>\n<p>Hessisches Ministerium f\u00fcr Wissenschaft und Kunst<br \/>\nRheinstra\u00dfe 23 &#8211; 25<br \/>\n65185 Wiesbaden<\/p>\n<h3>Haftung<\/h3>\n<p>Die Hochschule RheinMain ist f\u00fcr ihre Internetseiten gem\u00e4\u00df den allgemeinen Gesetzen, insbesondere nach \u00a7 7 Abs. 1 des Telemediengesetzes verantwortlich. Alle Inhalte werden mit der gebotenen Sorgfalt und nach bestem Wissen erstellt. Soweit sie auf ihren Internetseiten mittels Hyperlinks auf Internetseiten Dritter verweist, kann sie keine Gew\u00e4hr f\u00fcr die Aktualit\u00e4t, Richtigkeit und Vollst\u00e4ndigkeit der verlinkten Inhalte \u00fcbernehmen, da diese Inhalte au\u00dferhalb ihres Verantwortungsbereichs liegen und sie auf die zuk\u00fcnftige Gestaltung keinen Einfluss hat. Externe Links sind innerhalb der Website mit dem folgenden Symbol Externer Link gekennzeichnet.<\/p>\n<h3>Social Media<\/h3>\n<p>Das Impressum gilt ebenso f\u00fcr die Social-Media-Pr\u00e4senzen der Hochschule RheinMain: Facebook, Twitter, YouTube und Instagram. Die rechtlichen Hinweise auf dieser Seite sowie alle Fragen und Streitigkeiten im Zusammenhang mit dieser Website unterliegen dem Recht der Bundesrepublik Deutschland.<\/p>\n\t\t<\/div>\n\t<\/div>\n<\/div>\n","protected":false},"excerpt":{"rendered":"","protected":false},"author":1,"featured_media":0,"parent":0,"menu_order":0,"comment_status":"closed","ping_status":"closed","template":"","meta":{"_acf_changed":false,"footnotes":""},"class_list":["post-11","page","type-page","status-publish","hentry"],"acf":[],"_links":{"self":[{"href":"https:\/\/werkschau-wiesbaden.de\/2026WS\/wp-json\/wp\/v2\/pages\/11","targetHints":{"allow":["GET"]}}],"collection":[{"href":"https:\/\/werkschau-wiesbaden.de\/2026WS\/wp-json\/wp\/v2\/pages"}],"about":[{"href":"https:\/\/werkschau-wiesbaden.de\/2026WS\/wp-json\/wp\/v2\/types\/page"}],"author":[{"embeddable":true,"href":"https:\/\/werkschau-wiesbaden.de\/2026WS\/wp-json\/wp\/v2\/users\/1"}],"replies":[{"embeddable":true,"href":"https:\/\/werkschau-wiesbaden.de\/2026WS\/wp-json\/wp\/v2\/comments?post=11"}],"version-history":[{"count":10,"href":"https:\/\/werkschau-wiesbaden.de\/2026WS\/wp-json\/wp\/v2\/pages\/11\/revisions"}],"predecessor-version":[{"id":265,"href":"https:\/\/werkschau-wiesbaden.de\/2026WS\/wp-json\/wp\/v2\/pages\/11\/revisions\/265"}],"wp:attachment":[{"href":"https:\/\/werkschau-wiesbaden.de\/2026WS\/wp-json\/wp\/v2\/media?parent=11"}],"curies":[{"name":"wp","href":"https:\/\/api.w.org\/{rel}","templated":true}]}}