{"id":3,"date":"2025-12-16T14:59:34","date_gmt":"2025-12-16T13:59:34","guid":{"rendered":"http:\/\/werkschau-wiesbaden.de\/2026WS\/?page_id=3"},"modified":"2026-01-21T15:21:56","modified_gmt":"2026-01-21T14:21:56","slug":"datenschutzerklaerung","status":"publish","type":"page","link":"https:\/\/werkschau-wiesbaden.de\/2026WS\/datenschutzerklaerung\/","title":{"rendered":"Datenschutz"},"content":{"rendered":"<div class=\"ce ce-headline ce-onecol container-fluid  pt-m      \">\n\t<div class=\"row\">\n\t\t<div class=\"col-custom\">\n\t\t\t<h1 class=\"\">Datenschutz<\/h1>\t\t<\/div>\n\t<\/div>\n<\/div>\n\n\n<div class=\"ce ce-onecol container-fluid        \">\n\t<div class=\"row\">\n\t\t<div class=\"col-custom\">\n\t\t\t<h3>Datenschutz<\/h3>\n<p>Datenschutzhinweise der Hochschule RheinMain &#8211; Hinweise zur Verarbeitung Ihrer Daten gem\u00e4\u00df Art. 13 der Europ\u00e4ischen Datenschutzverordnung (DSGVO)<br \/>\nVerweise auf gesetzliche Vorschriften beziehen sich auf die Europ\u00e4ische Datenschutzgrundverordnung (DSGVO) sowie das Hessische Datenschutz- und Informationsfreiheitsgesetz (HDSIG) in der ab dem 25. Mai 2018 geltenden Fassung.<\/p>\n<h3>Geltungsbereich<\/h3>\n<p>Diese Datenschutzhinweise gelten f\u00fcr das Internetangebot der Hochschule RheinMain und f\u00fcr die \u00fcber diese Internetseiten erhobenen personenbezogenen Daten.<br \/>\nF\u00fcr Internetseiten anderer Anbieter, auf die z. B. \u00fcber Links verwiesen wird, gelten die dortigen Datenschutzhinweise und -erkl\u00e4rungen.<\/p>\n<h3>Verantwortlichkeit<\/h3>\n<p>Verantwortlich f\u00fcr die Verarbeitung personenbezogener Daten auf diesen Internetseiten ist:<\/p>\n<p>Pr\u00e4sidentin<br \/>\nDr. Eva Waller<br \/>\nHochschule RheinMain<br \/>\nKurt-Schumacher-Ring 18<br \/>\n65197 Wiesbaden (Deutschland)<br \/>\nTel.: +49 611 9495-01<\/p>\n<p>E-Mail: praesidentin(at)hs-rm.de<\/p>\n<h3>Beh\u00f6rdlicher Datenschutzbeauftragter<\/h3>\n<p>Den beh\u00f6rdlichen Datenschutzbeauftragten der Hochschule RheinMain erreichen Sie am:<br \/>\nKurt-Schumacher-Ring 18<br \/>\n65197 Wiesbaden (Deutschland)<\/p>\n<p>E-Mail: datenschutzbeauftragter(at)hs-rm.de<\/p>\n<h3>Hosting<\/h3>\n<p>Das Internetangebot wird auf IT-Systemen der Hochschule RheinMain vorgehalten.<\/p>\n<h3>Umgang mit Ihren Daten<\/h3>\n<h3>1. Personenbezogene Daten<\/h3>\n<p>Personenbezogene Daten sind nach Art. 4 DSGVO alle Informationen, die sich auf eine identifizierte oder identifizierbare nat\u00fcrliche Person beziehen. Als identifizierbar wird eine nat\u00fcrliche Person angesehen, die direkt oder indirekt, insbesondere mittels Zuordnung zu einer Kennung wie einem Namen, zu einer Kennnummer, zu Standortdaten, zu einer Online-Kennung oder zu einem oder mehreren pers\u00f6nlichen Merkmalen identifiziert werden kann, die Ausdruck der physischen, physiologischen, genetischen, psychischen, wirtschaftlichen, kulturellen oder sozialen Identit\u00e4t dieser nat\u00fcrlichen Person sind. Wir halten uns an die Grunds\u00e4tze der Datenvermeidung und Datensparsamkeit. Wir speichern Ihre personenbezogenen Daten daher nur so lange, wie dies zur Erreichung der hier genannten Zwecke erforderlich ist oder wie es die vom Gesetzgeber vorgesehenen vielf\u00e4ltigen Speicherfristen vorsehen. Nach Fortfall des jeweiligen Zweckes bzw. Ablauf dieser Fristen werden die entsprechenden Daten routinem\u00e4\u00dfig und entsprechend den gesetzlichen Vorschriften gesperrt oder gel\u00f6scht. Bei aktenrelevanten Vorg\u00e4ngen orientieren wir uns grunds\u00e4tzlich an den im Aktenf\u00fchrungserlass des Landes Hessen festgelegten Aufbewahrungsfristen. Diese Frist betr\u00e4gt grunds\u00e4tzlich f\u00fcnf Jahre.<\/p>\n<h3>2. (Kontakt)Formulare<\/h3>\n<p>Personenbezogene Daten sind nach Art. 4 DSGVO alle Informationen, die sich auf eine identifizierte oder identifizierbare nat\u00fcrliche Person beziehen. Als identifizierbar wird eine nat\u00fcrliche Person angesehen, die direkt oder indirekt, insbesondere mittels Zuordnung zu einer Kennung wie einem Namen, zu einer Kennnummer, zu Standortdaten, zu einer Online-Kennung oder zu einem oder mehreren pers\u00f6nlichen Merkmalen identifiziert werden kann, die Ausdruck der physischen, physiologischen, genetischen, psychischen, wirtschaftlichen, kulturellen oder sozialen Identit\u00e4t dieser nat\u00fcrlichen Person sind. Wir halten uns an die Grunds\u00e4tze der Datenvermeidung und Datensparsamkeit. Wir speichern Ihre personenbezogenen Daten daher nur so lange, wie dies zur Erreichung der hier genannten Zwecke erforderlich ist oder wie es die vom Gesetzgeber vorgesehenen vielf\u00e4ltigen Speicherfristen vorsehen. Nach Fortfall des jeweiligen Zweckes bzw. Ablauf dieser Fristen werden die entsprechenden Daten routinem\u00e4\u00dfig und entsprechend den gesetzlichen Vorschriften gesperrt oder gel\u00f6scht. Bei aktenrelevanten Vorg\u00e4ngen orientieren wir uns grunds\u00e4tzlich an den im Aktenf\u00fchrungserlass des Landes Hessen festgelegten Aufbewahrungsfristen. Diese Frist betr\u00e4gt grunds\u00e4tzlich f\u00fcnf Jahre..<\/p>\n<h3>3. Bestellung eines Newsletters<\/h3>\n<p>Wenn Sie einen Newsletter bestellen, werden die von Ihnen mitgeteilten Daten wie z. B. die E-Mail-Adresse und der Titel des Newsletters auf den IT-Systemen der Hochschule RheinMain gespeichert und nur f\u00fcr den Versand dieses Newsletter verwendet. Sie k\u00f6nnen jederzeit Ihre Bestellung k\u00fcndigen und damit die Ihre Person betreffenden gespeicherten Daten l\u00f6schen lassen. Rechtsgrundlage der Verarbeitung: Art. 6 Uabs. 1 a DSGVO.<\/p>\n<h3>4. \u00dcbertragung von Daten an ein Soziales Netzwerk \/ Externe Internetdienste<\/h3>\n<p>Einzelne Webseiten nutzen ggf. externe Internetdienste, um Medieninhalte auf unseren Webseiten anzuzeigen. Es kann nicht ausgeschlossen werden, dass hierdurch Daten von Ihnen z. B. die IP-Adresse an den jeweiligen Diensteanbieter \u00fcbermittelt werden.<\/p>\n<h3>5. Bereitstellung von eingebundenen Videos<\/h3>\n<p>Auf einigen unserer Internetseiten sind bei YouTube (Datenschutzerkl\u00e4rung: https:\/\/policies.google.com\/privacy?hl=de&#038;gl=de) und Vimeo (Datenschutzerkl\u00e4rung: https:\/\/vimeo.com\/privacy) gehostete Videos eingebunden. Durch den erstmaligen Aufruf der betreffenden Seite, auf denen ein solches Video eingebunden ist, werden zun\u00e4chst keine Daten an den Diensteanbieter versandt. Erst nach einer expliziten Freischaltung durch Sie kann das Video abgespielt werden (&#8222;2-Klick-L\u00f6sung&#8220;) und erst dann werden Daten von Ihnen an den jeweiligen Anbieter, z. B. die IP-Adresse \u00fcbermittelt. Die Freigabe durch Sie gilt global f\u00fcr alle Webseiten dieses Angebots und kann jederzeit deaktiviert werden, wodurch die weitere Daten\u00fcbermittlung verhindert wird. Rechtsgrundlage der Verarbeitung: Art. 6 Uabs. 1 a DSGVO.<\/p>\n<h3>6. Nutzungsdaten<\/h3>\n<p>Bei jedem Seitenaufruf werden Zugriffdaten in einer Protokolldatei, dem Apache Logfile protokolliert. Der dabei gespeicherte Datensatz enth\u00e4lt die folgenden Daten:<\/p>\n<p>Die Client-IP,die Uhrzeit,den Status,die abgefragte URL, die Ihr Browser an den Server gestellt hat,die \u00fcbertragene Datenmenge,die Internetseite, von der Sie auf die angeforderte Seite gekommen sind (Referrer),sowie die Produkt- und Versionsinformationen des verwendeten Browsers (User-Agent).Rechtsgrundlage der Verarbeitung: Art. 6 Uabs. 1 e DS GVO i.V.m. \u00a7\u00a7 3 Abs.1, 80 ff HDSIG, \u00a7\u00a7 12 Abs.5 und 6, 31 Abs.4 HHG; Art. 6 Uabs. 1 f DS GVODie Hochschule RheinMain kann so erfahren, an welchen Tagen und zu welchen Uhrzeiten die Angebote der Webseiten besonders frequentiert werden und wie viel Datenvolumen erzeugt wird. Dar\u00fcber hinaus kann die Hochschule RheinMain durch die Log-Files m\u00f6gliche Fehler wie z.B. fehlerhafte Links oder Programmfehler erkennen und die Log-Dateien somit f\u00fcr die Weiterentwicklung und stetige Optimierung der Webseiten verwenden.<\/p>\n<p>Die Hochschule RheinMain verwendet f\u00fcr Log-Files das standardisierte &#8222;combined&#8220; Log-File-Format des Webservers. Vorbehaltlich etwaiger satzungsm\u00e4\u00dfiger Aufbewahrungspflichten werden die Log-Files nach Beendigung des Zugriffs gel\u00f6scht. Die Hochschule RheinMain beh\u00e4lt sich eine Nutzung von nicht-personenbezogenen Daten aus Log-Dateien vor, wenn aufgrund bestimmter Tatsachen der begr\u00fcndete Verdacht besteht, dass Nutzerinnen oder Nutzer die Webseiten oder Dienste der Hochschule RheinMain gesetz- oder vertragswidrig nutzen. Aus Gr\u00fcnden der Datensicherheit, also um unerlaubte Zugriffe aufkl\u00e4ren oder Missbrauch der Internetseite verhindern zu k\u00f6nnen, wird die vollst\u00e4ndige IP-Adresse des anfordernden Rechners erfasst, gespeichert und sieben Tage nach dem Ende des Zugriffs automatisch gel\u00f6scht. Unsere Webseiten verwenden sogenannte &#8222;Cookies&#8220;. Die Verwendung dieser Funktionalit\u00e4t kann durch Einstellungen des Browserprogramms von Ihnen ausgeschaltet werden. Ein Drittstaatentransfer Ihrer Daten findet nicht statt. Eine automatisierte Entscheidungsfindung findet nicht statt.<\/p>\n<h3>Webanalysedienst Matomo<\/h3>\n<p>Die Hochschule RheinMain nutzt zur Auswertung der Zugriffe der Benutzerinnen und Benutzer und zur Optimierung des Webauftrittes die Open-Source Software &#8222;Matomo &#8211; Open Analytics Plattform&#8220;. Bei jedem Zugriff auf eine Seite oder eine Datei innerhalb des Webauftritts der Hochschule RheinMain werden durch &#8222;Matomo&#8220; folgenden Daten zu statistischen Zwecken erhoben, protokolliert und ausgewertet:<\/p>\n<p>Datum und Uhrzeit des Zugriffs,der User Agent (Browser-Kennung),Betriebssystemeinstellungen wie z.B. Monitoraufl\u00f6sung, Ein- und Ausstiegsseiten sowie die Aufenthaltsdauer auf den Webseiten Aufgerufene Dateien bzw. Dokumente,die (um zwei Bytes reduzierte) IP-Adresse,Gr\u00f6\u00dfe der Datei bzw. des Dokuments,HTTP Status Code (Datei \u00fcbertragen, Datei nicht gefunden etc&#8230; )<\/p>\n<p>&#8222;Matomo&#8220; verwendet das Plugin &#8222;AnonymizeIP&#8220;, das Ihre IP-Adresse sofort nach der Erfassung um zwei Bytes reduziert und dadurch anonymisiert. Die Zuordnung einer nat\u00fcrlichen Person mit der IP-Adresse ist damit nicht (oder nur mit unverh\u00e4ltnism\u00e4\u00dfigen Aufwand) m\u00f6glich. Dar\u00fcber hinaus wird verhindert, dass die IP-Adresse Ihres Rechners in unseren Statistiken &#8211; zur Nutzung des Webangebots &#8211; erfasst wird.<\/p>\n<p>&#8222;Matomo&#8220; speichert einen Cookie (eine Textdatei die auf Ihrem Computer gespeichert wird und die Analyse der Webseitennutzung erm\u00f6glicht) auf Ihren Rechner, um Ihre Benutzerzugriffe &#8211; in anonymisierter Form &#8211; im Webangebot der Hochschule RheinMain zu protokollieren und auszuwerten. Die mittels Cookie generierten Informationen werden ausschlie\u00dflich auf den Servern der Hochschule RheinMain gespeichert und unter keinen Umst\u00e4nden an Dritte weitergegeben. Sie k\u00f6nnen sich entscheiden, ob innerhalb Ihres Browsers ein Webanalyse-Cookie gesetzt werden darf, um der Hochschule RheinMain die Erfassung, Protokollierung und Auswertung Ihrer Nutzerzugriffe zu erm\u00f6glichen. Wenn Sie sich gegen die Erfassung, Protokollierung und Auswertung Ihrer Nutzerverhaltens mithilfe des oben beschrieben Cookies entscheiden, w\u00e4hlen Sie unter &#8222;Cookie-Einstellungen \u00e4ndern&#8220; den Button &#8222;Ablehnen&#8220;, um die Aufzeichnung Ihrer Nutzerzugriffe (hierzu wird ein Cookie gesetzt der die Aufzeichnung Ihrer Benutzerzugriffe verhindert) zu unterbinden.<\/p>\n<h3>Google Search Console<\/h3>\n<p>Die Hochschule RheinMain nutzt den Dienst \u201eGoogle Search Console\u201c zu Analysezwecken mit dem Ziel, die Webseite auf die Anforderungen der Nutzerinnen und Nutzer zu optimieren und die Nutzererfahrung auf der Webseite zu verbessern. Es werden von unserer Seite keine Nutzer- und Trackingdaten an Google \u00fcbermittelt. Wir erhalten lediglich anonymisierte und aggregierte Daten von Google zu unserer Webpr\u00e4senz.<\/p>\n<h3>Ihre Rechte<\/h3>\n<p>Als Nutzer unseres Internetangebots haben Sie nach der Datenschutzgrundverordnung (DSGVO) und dem Hessischen Datenschutz- und Informationsfreiheitsgesetz (HDSIG) verschiedene Rechte, die sich insbesondere aus Art. 15 bis 18, 21 DSGVO und \u00a7\u00a7 33 &#8211; 35 HDSIG ergeben:<\/p>\n<h3>1. Recht auf Auskunft<\/h3>\n<p>Sie k\u00f6nnen nach Art. 15 DSGVO Auskunft \u00fcber Ihre von uns verarbeiteten personenbezogenen Daten verlangen. In Ihrem Auskunftsantrag sollten Sie Ihr Anliegen pr\u00e4zisieren, um uns das Zusammenstellen der erforderlichen Daten zu erleichtern. Bitte beachten Sie, dass Ihr Auskunftsrecht durch die Vorschriften der \u00a7 24 Abs. 2, \u00a7 26 Abs. 2 und \u00a7 33 HDSIG eingeschr\u00e4nkt wird.<\/p>\n<h3>2. Recht auf Berichtigung<\/h3>\n<p>Sollten die Sie betreffenden Angaben nicht (mehr) zutreffend sein, k\u00f6nnen Sie nach Art. 16 DSGVO eine Berichtigung verlangen. Sollten Ihre Daten unvollst\u00e4ndig sein, k\u00f6nnen Sie eine Vervollst\u00e4ndigung verlangen.<\/p>\n<h3>3. Recht auf L\u00f6schung<\/h3>\n<p>Unter den Bedingungen des Art. 17 DSGVO und des \u00a7 34 HDSIG k\u00f6nnen Sie die L\u00f6schung Ihrer personenbezogenen Daten verlangen. Ihr Anspruch auf L\u00f6schung h\u00e4ngt u. a. davon ab, ob die Sie betreffenden Daten von uns zur Erf\u00fcllung unserer gesetzlichen Aufgaben noch ben\u00f6tigt werden.<\/p>\n<h3>4. Recht auf Einschr\u00e4nkung der Verarbeitung<\/h3>\n<p>Im Rahmen der Vorgaben des Art. 18 DSGVO haben Sie das Recht, eine Einschr\u00e4nkung der Verarbeitung der Sie betreffenden Daten zu verlangen.<\/p>\n<h3>5. Widerruf eine Einwilligung<\/h3>\n<p>Sofern Sie uns eine Einwilligung erteilt haben, steht Ihnen nach Art. 13 Abs. 3, Buchst. c), Art. 7 Abs. 3 DSGVO das Recht zu, diese jederzeit zu widerrufen. Durch den Widerruf der Einwilligung wird die Rechtm\u00e4\u00dfigkeit der aufgrund der Einwilligung bis zum Widerruf erfolgten Verarbeitung nicht ber\u00fchrt.<\/p>\n<h3>6. Daten\u00fcbertragbarkeit<\/h3>\n<p>Dar\u00fcber hinaus stehen Ihnen die in Art. 20 DGSVO (Recht auf Daten\u00fcbertragbarkeit) genannten Rechte zu. Dieses besteht nur, wenn die Verarbeitung auf einer Einwilligung gem\u00e4\u00df Art. 6 Abs. 1 lit. a oder Art. 9 Abs. 2 lit. a oder auf einem Vertrag gem\u00e4\u00df Art. 6 Abs. 1 lit. b DS GVO beruht (Art. 20 Abs. 1 a DS GVO).<\/p>\n<h3>7. Recht auf Beschwerde<\/h3>\n<p>Wenn Sie der Auffassung sind, dass wir bei der Verarbeitung Ihrer personenbezogenen Daten gegen datenschutzrechtliche Vorgaben versto\u00dfen haben, haben Sie nach Art. 77 DGSVO das Recht auf Beschwerde bei einer Aufsichtsbeh\u00f6rde, insbesondere dem Mitgliedsstaat ihres Aufenthaltsortes, Ihres Arbeitsplatzes oder des Ortes des mutma\u00dflichen Versto\u00dfes. Allgemeines zum Thema Datenschutz ist auf den Internetseiten des Hessischen Datenschutzbeauftragten zu finden: www.datenschutz.hessen.de.\u200d<\/p>\n\t\t<\/div>\n\t<\/div>\n<\/div>\n","protected":false},"excerpt":{"rendered":"","protected":false},"author":1,"featured_media":0,"parent":0,"menu_order":0,"comment_status":"closed","ping_status":"open","template":"","meta":{"_acf_changed":false,"footnotes":""},"class_list":["post-3","page","type-page","status-publish","hentry"],"acf":[],"_links":{"self":[{"href":"https:\/\/werkschau-wiesbaden.de\/2026WS\/wp-json\/wp\/v2\/pages\/3","targetHints":{"allow":["GET"]}}],"collection":[{"href":"https:\/\/werkschau-wiesbaden.de\/2026WS\/wp-json\/wp\/v2\/pages"}],"about":[{"href":"https:\/\/werkschau-wiesbaden.de\/2026WS\/wp-json\/wp\/v2\/types\/page"}],"author":[{"embeddable":true,"href":"https:\/\/werkschau-wiesbaden.de\/2026WS\/wp-json\/wp\/v2\/users\/1"}],"replies":[{"embeddable":true,"href":"https:\/\/werkschau-wiesbaden.de\/2026WS\/wp-json\/wp\/v2\/comments?post=3"}],"version-history":[{"count":5,"href":"https:\/\/werkschau-wiesbaden.de\/2026WS\/wp-json\/wp\/v2\/pages\/3\/revisions"}],"predecessor-version":[{"id":263,"href":"https:\/\/werkschau-wiesbaden.de\/2026WS\/wp-json\/wp\/v2\/pages\/3\/revisions\/263"}],"wp:attachment":[{"href":"https:\/\/werkschau-wiesbaden.de\/2026WS\/wp-json\/wp\/v2\/media?parent=3"}],"curies":[{"name":"wp","href":"https:\/\/api.w.org\/{rel}","templated":true}]}}